{"id":113,"date":"2024-07-05T16:11:55","date_gmt":"2024-07-05T14:11:55","guid":{"rendered":"http:\/\/localhost\/inter-neuro\/?page_id=113"},"modified":"2025-11-19T09:32:27","modified_gmt":"2025-11-19T08:32:27","slug":"causes","status":"publish","type":"page","link":"https:\/\/www.inter-neuro.de\/en\/causes\/","title":{"rendered":"Causes"},"content":{"rendered":"\n<h2 class=\"wp-block-heading\">What problems occur?<\/h2>\n\n\n\n<p>R\u00fcckenschmerzen im Bereich der Lendenwirbels\u00e4ule, Brustwirbels\u00e4ule oder der Schulter-Nacken-Kopf-Region ereilen fast jeden einmal im Leben, sie sind zu einer Volkskrankheit geworden.<\/p>\n\n\n\n<p>Back pain in the lumbar spine, thoracic spine or shoulder-neck-head region affects almost everyone at some point in their lives and has become a widespread condition.<\/p>\n\n\n\n<p>The main triggers are poor posture and excessive strain in everyday life (work, sport), non-ergonomic furniture and stressful situations. For most people, this pain disappears with rest, physiotherapy or medication. However, many \u201cback patients\u201d suffer not only from so-called functional disorders of the movement segments, but also from genuine signs of wear and tear on the vertebral joints, ligaments, muscles or the intervertebral disc itself. In persistent cases, this can even put pressure on the surrounding nerve tissue, causing sciatic or arm pain to become unbearable and even leading to neurological deficits.<\/p>\n\n\n\n<div style=\"height:40px\" aria-hidden=\"true\" class=\"wp-block-spacer\"><\/div>\n\n\n\n<hr class=\"wp-block-separator has-alpha-channel-opacity\"\/>\n\n\n\n<h4 class=\"wp-block-heading\"><strong>Myofascial pain syndrome<\/strong><\/h4>\n\n\n\n<p>with persistent muscle tension in the spine, neck pain, shoulder and arm pain, and tension headaches.<\/p>\n\n\n\n<div style=\"height:32px\" aria-hidden=\"true\" class=\"wp-block-spacer\"><\/div>\n\n\n\n<h4 class=\"wp-block-heading\"><strong>Facet joint syndrome<\/strong><\/h4>\n\n\n\n<p>with pain in the entire back, the extremities close to the torso and the groin and buttock region; caused by wear and tear of the vertebral bodies and vertebral joints as well as narrowing of the nerve exit channels.<\/p>\n\n\n\n<div style=\"height:32px\" aria-hidden=\"true\" class=\"wp-block-spacer\"><\/div>\n\n\n\n<h4 class=\"wp-block-heading\"><strong>Spondylolisthesis<\/strong><\/h4>\n\n\n\n<p>Instability of individual sections of the spine with corresponding irritation of the nerve roots and vertebral joints.<\/p>\n\n\n\n<div style=\"height:32px\" aria-hidden=\"true\" class=\"wp-block-spacer\"><\/div>\n\n\n\n<h4 class=\"wp-block-heading\"><strong>Post-nucleotomy syndrome<\/strong><\/h4>\n\n\n\n<p>caused by wear and tear of the disc nucleus and the surrounding fibrous ring with stimulation of the pain receptors in the rear part of the disc and the surrounding ligamentous apparatus.<\/p>\n\n\n\n<div style=\"height:32px\" aria-hidden=\"true\" class=\"wp-block-spacer\"><\/div>\n\n\n\n<h4 class=\"wp-block-heading\"><strong>Segmental dysfunctions<\/strong><\/h4>\n\n\n\n<p>of the entire spine from the neck\/head region to the sacroiliac joint with blockages (reduced mobility) of the vertebral joints and the surrounding ligaments.<\/p>\n\n\n\n<div style=\"height:32px\" aria-hidden=\"true\" class=\"wp-block-spacer\"><\/div>\n\n\n\n<h4 class=\"wp-block-heading\"><strong>Nerve root compression syndrome<\/strong><\/h4>\n\n\n\n<p>with shoulder and arm pain, thoracic and lumbar spine pain, sciatica, tingling and numbness; caused by disc protrusions or herniations that exert pressure on the spinal cord or nerve roots, resulting in paralysis and sensory disturbances.<\/p>\n\n\n\n<div style=\"height:32px\" aria-hidden=\"true\" class=\"wp-block-spacer\"><\/div>\n\n\n\n<h4 class=\"wp-block-heading\"><strong>Discogenic (disc-related) back pain<\/strong><\/h4>\n\n\n\n<p>i.e. pulling back pain after spinal surgery; caused by spondylolisthesis, inflammatory processes or scar tissue adhesions.<\/p>\n\n\n\n<div style=\"height:32px\" aria-hidden=\"true\" class=\"wp-block-spacer\"><\/div>\n\n\n\n<h4 class=\"wp-block-heading\"><strong>Chronic pain syndromes<\/strong><\/h4>\n\n\n\n<p>in the entire spine, caused by rheumatic diseases, osteoporosis, fibromyalgia or tumour metastases.<\/p>\n","protected":false},"excerpt":{"rendered":"<p>What problems occur? R\u00fcckenschmerzen im Bereich der Lendenwirbels\u00e4ule, Brustwirbels\u00e4ule oder der Schulter-Nacken-Kopf-Region ereilen fast jeden einmal im Leben, sie sind zu einer Volkskrankheit geworden. Back pain in the lumbar spine,&#8230;<\/p>\n","protected":false},"author":2,"featured_media":130,"parent":0,"menu_order":20,"comment_status":"closed","ping_status":"closed","template":"","meta":{"_acf_changed":false,"footnotes":""},"class_list":["post-113","page","type-page","status-publish","has-post-thumbnail","hentry"],"acf":[],"_links":{"self":[{"href":"https:\/\/www.inter-neuro.de\/en\/wp-json\/wp\/v2\/pages\/113","targetHints":{"allow":["GET"]}}],"collection":[{"href":"https:\/\/www.inter-neuro.de\/en\/wp-json\/wp\/v2\/pages"}],"about":[{"href":"https:\/\/www.inter-neuro.de\/en\/wp-json\/wp\/v2\/types\/page"}],"author":[{"embeddable":true,"href":"https:\/\/www.inter-neuro.de\/en\/wp-json\/wp\/v2\/users\/2"}],"replies":[{"embeddable":true,"href":"https:\/\/www.inter-neuro.de\/en\/wp-json\/wp\/v2\/comments?post=113"}],"version-history":[{"count":4,"href":"https:\/\/www.inter-neuro.de\/en\/wp-json\/wp\/v2\/pages\/113\/revisions"}],"predecessor-version":[{"id":1216,"href":"https:\/\/www.inter-neuro.de\/en\/wp-json\/wp\/v2\/pages\/113\/revisions\/1216"}],"wp:featuredmedia":[{"embeddable":true,"href":"https:\/\/www.inter-neuro.de\/en\/wp-json\/wp\/v2\/media\/130"}],"wp:attachment":[{"href":"https:\/\/www.inter-neuro.de\/en\/wp-json\/wp\/v2\/media?parent=113"}],"curies":[{"name":"wp","href":"https:\/\/api.w.org\/{rel}","templated":true}]}}